{"id":16,"date":"2023-09-08T16:23:56","date_gmt":"2023-09-08T14:23:56","guid":{"rendered":"https:\/\/studioideachile.cl\/mcn\/?page_id=16"},"modified":"2023-10-09T19:57:35","modified_gmt":"2023-10-09T17:57:35","slug":"nosotros","status":"publish","type":"page","link":"https:\/\/maestranzayconstructoramcn.cl\/index.php\/nosotros\/","title":{"rendered":"Nosotros"},"content":{"rendered":"<p>[et_pb_section fb_built=\u00bb1&#8243; _builder_version=\u00bb4.22.1&#8243; _module_preset=\u00bbdefault\u00bb custom_padding=\u00bb8px||50px|||\u00bb global_colors_info=\u00bb{}\u00bb][et_pb_row _builder_version=\u00bb4.22.1&#8243; _module_preset=\u00bbdefault\u00bb custom_padding=\u00bb||||false|false\u00bb hover_enabled=\u00bb0&#8243; global_colors_info=\u00bb{}\u00bb min_height=\u00bb153.3px\u00bb custom_margin=\u00bb||20px||false|false\u00bb sticky_enabled=\u00bb0&#8243;][et_pb_column type=\u00bb4_4&#8243; _builder_version=\u00bb4.22.1&#8243; _module_preset=\u00bbdefault\u00bb global_colors_info=\u00bb{}\u00bb][et_pb_post_title meta=\u00bboff\u00bb featured_image=\u00bboff\u00bb _builder_version=\u00bb4.22.1&#8243; _module_preset=\u00bbdefault\u00bb title_font=\u00bbAbel|700|||||||\u00bb title_text_align=\u00bbcenter\u00bb title_text_color=\u00bb#888671&#8243; title_font_size=\u00bb60px\u00bb hover_enabled=\u00bb0&#8243; global_colors_info=\u00bb{}\u00bb custom_padding=\u00bb||0px||false|false\u00bb custom_margin=\u00bb||0px||false|false\u00bb sticky_enabled=\u00bb0&#8243;][\/et_pb_post_title][\/et_pb_column][\/et_pb_row][et_pb_row column_structure=\u00bb1_2,1_2&#8243; _builder_version=\u00bb4.22.1&#8243; _module_preset=\u00bbdefault\u00bb global_colors_info=\u00bb{}\u00bb][et_pb_column type=\u00bb1_2&#8243; _builder_version=\u00bb4.22.1&#8243; _module_preset=\u00bbdefault\u00bb global_colors_info=\u00bb{}\u00bb][et_pb_image src=\u00bbhttps:\/\/maestranzayconstructoramcn.cl\/wp-content\/uploads\/2023\/09\/IMG-logo.png\u00bb title_text=\u00bbIMG-logo\u00bb _builder_version=\u00bb4.22.1&#8243; _module_preset=\u00bbdefault\u00bb width=\u00bb100%\u00bb max_width=\u00bb80%\u00bb max_width_tablet=\u00bb80%\u00bb max_width_phone=\u00bb75%\u00bb max_width_last_edited=\u00bbon|phone\u00bb module_alignment=\u00bbcenter\u00bb module_alignment_phone=\u00bbcenter\u00bb module_alignment_last_edited=\u00bboff|phone\u00bb global_colors_info=\u00bb{}\u00bb][\/et_pb_image][\/et_pb_column][et_pb_column type=\u00bb1_2&#8243; _builder_version=\u00bb4.22.1&#8243; _module_preset=\u00bbdefault\u00bb global_colors_info=\u00bb{}\u00bb][et_pb_text _builder_version=\u00bb4.22.1&#8243; _module_preset=\u00bbdefault\u00bb inline_fonts=\u00bbAbel\u00bb global_colors_info=\u00bb{}\u00bb]<\/p>\n<p><span style=\"font-size: x-large; font-family: Abel; font-weight: normal; color: #ffa424;\"><b>MCN Maestranza y Constructora Nororiente<\/b><\/span><\/p>\n<p class=\"p4\" style=\"text-align: justify;\"><span style=\"font-size: 14px;\">Somos una empresa con amplia experiencia en la fabricaci\u00f3n y montaje de estructuras de acero. Solucionamos de manera eficiente y esmerada los requerimientos en que trabajamos, entregando la m\u00e1s alta calidad y excelencia en la fabricaci\u00f3n y montaje de trabajos de construcci\u00f3n con acero y obras civiles.<\/span><\/p>\n<p class=\"p4\" style=\"text-align: justify;\">Ofrecemos el servicio de dise\u00f1o y c\u00e1lculo en estructuras met\u00e1licas, con amplia experiencia. Atendemos a variados rubros industriales y particulares, estamos dedicados al desarrollo de proyectos de construcci\u00f3n.<\/p>\n<p class=\"p4\" style=\"text-align: justify;\">Contamos con experiencia en elaborar piezas met\u00e1licas en serie y grandes producciones, adem\u00e1s realizamos obras de menor envergadura.<\/p>\n<p class=\"p4\" style=\"text-align: justify;\">TECNOLOG\u00cdA \/ CALIDAD \/ SEGURIDAD EN LA CONSTRUCCI\u00d3N Poseemos maquinarias de \u00faltima generaci\u00f3n, las cuales nos permiten entregar a las obras que realizamos los mas altos est\u00e1ndares de construcci\u00f3n, cumpliendo con todas las normativas vigentes de desarrollo de proyectos y seguridad de nuestros equipos de trabajo.<\/p>\n<p>[\/et_pb_text][\/et_pb_column][\/et_pb_row][\/et_pb_section][et_pb_section fb_built=\u00bb1&#8243; fullwidth=\u00bbon\u00bb _builder_version=\u00bb4.22.1&#8243; _module_preset=\u00bbdefault\u00bb global_colors_info=\u00bb{}\u00bb][et_pb_fullwidth_portfolio include_categories=\u00bb,all\u00bb show_title=\u00bboff\u00bb show_date=\u00bboff\u00bb zoom_icon_color=\u00bbRGBA(255,255,255,0)\u00bb hover_overlay_color=\u00bbRGBA(255,255,255,0)\u00bb _builder_version=\u00bb4.22.1&#8243; _module_preset=\u00bbdefault\u00bb background_color=\u00bbRGBA(255,255,255,0)\u00bb auto=\u00bbon\u00bb global_colors_info=\u00bb{}\u00bb][\/et_pb_fullwidth_portfolio][\/et_pb_section][et_pb_section fb_built=\u00bb1&#8243; _builder_version=\u00bb4.22.1&#8243; _module_preset=\u00bbdefault\u00bb custom_padding=\u00bb50px||50px|||\u00bb global_colors_info=\u00bb{}\u00bb][et_pb_row _builder_version=\u00bb4.22.1&#8243; _module_preset=\u00bbdefault\u00bb global_colors_info=\u00bb{}\u00bb][et_pb_column type=\u00bb4_4&#8243; _builder_version=\u00bb4.22.1&#8243; _module_preset=\u00bbdefault\u00bb global_colors_info=\u00bb{}\u00bb][et_pb_text _builder_version=\u00bb4.22.1&#8243; _module_preset=\u00bbdefault\u00bb text_font=\u00bbAbel|700|||||||\u00bb text_font_size=\u00bb34px\u00bb text_line_height=\u00bb1.1em\u00bb text_orientation=\u00bbcenter\u00bb text_font_size_last_edited=\u00bboff|phone\u00bb global_colors_info=\u00bb{}\u00bb]<\/p>\n<p>TECNOLOG\u00cdA \/ CALIDAD \/ SEGURIDAD EN LA CONSTRUCCI\u00d3N<\/p>\n<p>[\/et_pb_text][\/et_pb_column][\/et_pb_row][et_pb_row _builder_version=\u00bb4.22.1&#8243; _module_preset=\u00bbdefault\u00bb custom_padding=\u00bb5px||0px|||\u00bb global_colors_info=\u00bb{}\u00bb][et_pb_column type=\u00bb4_4&#8243; _builder_version=\u00bb4.22.1&#8243; _module_preset=\u00bbdefault\u00bb global_colors_info=\u00bb{}\u00bb][et_pb_divider divider_weight=\u00bb1px\u00bb _builder_version=\u00bb4.22.1&#8243; _module_preset=\u00bbdefault\u00bb background_enable_color=\u00bboff\u00bb global_colors_info=\u00bb{}\u00bb][\/et_pb_divider][\/et_pb_column][\/et_pb_row][et_pb_row _builder_version=\u00bb4.22.1&#8243; _module_preset=\u00bbdefault\u00bb global_colors_info=\u00bb{}\u00bb][et_pb_column type=\u00bb4_4&#8243; _builder_version=\u00bb4.22.1&#8243; _module_preset=\u00bbdefault\u00bb global_colors_info=\u00bb{}\u00bb][et_pb_text _builder_version=\u00bb4.22.1&#8243; _module_preset=\u00bbdefault\u00bb global_colors_info=\u00bb{}\u00bb]<\/p>\n<p class=\"p1\"><span style=\"font-size: x-large; color: #ffa424;\"><b>Nuestra Misi\u00f3n<\/b><\/span><\/p>\n<p class=\"p1\">Nuestra misi\u00f3n es transformar sue\u00f1os en realidad. Entendemos que cada proyecto es \u00fanico y, por lo tanto, lo tratamos con la atenci\u00f3n y el cuidado que se merece. Ya sea que est\u00e9 buscando construir la casa de sus sue\u00f1os, un edificio comercial de vanguardia o cualquier otro tipo de proyecto, estamos aqu\u00ed para convertir su visi\u00f3n en una realidad s\u00f3lida y duradera.<\/p>\n<p>[\/et_pb_text][\/et_pb_column][\/et_pb_row][\/et_pb_section][et_pb_section fb_built=\u00bb1&#8243; fullwidth=\u00bbon\u00bb _builder_version=\u00bb4.22.1&#8243; _module_preset=\u00bbdefault\u00bb global_colors_info=\u00bb{}\u00bb][et_pb_fullwidth_image src=\u00bbhttps:\/\/maestranzayconstructoramcn.cl\/wp-content\/uploads\/2023\/09\/img-full.png\u00bb title_text=\u00bbimg-full\u00bb _builder_version=\u00bb4.22.1&#8243; _module_preset=\u00bbdefault\u00bb global_colors_info=\u00bb{}\u00bb][\/et_pb_fullwidth_image][\/et_pb_section]<\/p>\n","protected":false},"excerpt":{"rendered":"<p>MCN Maestranza y Constructora Nororiente Somos una empresa con amplia experiencia en la fabricaci\u00f3n y montaje de estructuras de acero. Solucionamos de manera eficiente y esmerada los requerimientos en que trabajamos, entregando la m\u00e1s alta calidad y excelencia en la fabricaci\u00f3n y montaje de trabajos de construcci\u00f3n con acero y obras civiles. Ofrecemos el servicio [&hellip;]<\/p>\n","protected":false},"author":1,"featured_media":0,"parent":0,"menu_order":1,"comment_status":"closed","ping_status":"closed","template":"","meta":{"_et_pb_use_builder":"on","_et_pb_old_content":"<!-- wp:divi\/placeholder \/-->","_et_gb_content_width":"","footnotes":""},"_links":{"self":[{"href":"https:\/\/maestranzayconstructoramcn.cl\/index.php\/wp-json\/wp\/v2\/pages\/16"}],"collection":[{"href":"https:\/\/maestranzayconstructoramcn.cl\/index.php\/wp-json\/wp\/v2\/pages"}],"about":[{"href":"https:\/\/maestranzayconstructoramcn.cl\/index.php\/wp-json\/wp\/v2\/types\/page"}],"author":[{"embeddable":true,"href":"https:\/\/maestranzayconstructoramcn.cl\/index.php\/wp-json\/wp\/v2\/users\/1"}],"replies":[{"embeddable":true,"href":"https:\/\/maestranzayconstructoramcn.cl\/index.php\/wp-json\/wp\/v2\/comments?post=16"}],"version-history":[{"count":15,"href":"https:\/\/maestranzayconstructoramcn.cl\/index.php\/wp-json\/wp\/v2\/pages\/16\/revisions"}],"predecessor-version":[{"id":387,"href":"https:\/\/maestranzayconstructoramcn.cl\/index.php\/wp-json\/wp\/v2\/pages\/16\/revisions\/387"}],"wp:attachment":[{"href":"https:\/\/maestranzayconstructoramcn.cl\/index.php\/wp-json\/wp\/v2\/media?parent=16"}],"curies":[{"name":"wp","href":"https:\/\/api.w.org\/{rel}","templated":true}]}}